{"id":2,"date":"2024-01-25T15:31:07","date_gmt":"2024-01-25T14:31:07","guid":{"rendered":"https:\/\/www.astrids-naehstube.de\/?page_id=2"},"modified":"2024-03-15T09:48:46","modified_gmt":"2024-03-15T08:48:46","slug":"beispiel-seite","status":"publish","type":"page","link":"https:\/\/www.astrids-naehstube.de\/?page_id=2","title":{"rendered":"Jeans Rettung"},"content":{"rendered":"\n<h4 class=\"wp-block-heading\"><em>Hier bekommen Sie ihre Jeans repariert!<\/em><\/h4>\n\n\n\n<p><em>N\u00e4hte kaputt, L\u00f6cher, \u201ed\u00fcnne\u201c Stellen im Stoff, kaputte Taschen, offene S\u00e4ume oder die Beinl\u00e4nge mit dem verwaschenen Originalsaum k\u00fcrzen?\u00a0 <\/em><\/p>\n\n\n\n<p><em>Kein Problem!\u00a0<\/em><\/p>\n\n\n\n<p><em>Was kostet es?<\/em><\/p>\n\n\n\n<p><em>1,50 \u20ac pro zu reparierenden cm\u00b2.<\/em> <em>Genaue Preise besprechen wir gerne mit ihnen\u00a0vor Ort.<\/em><\/p>\n\n\n\n<p>Vorher:<\/p>\n\n\n\n<figure class=\"wp-block-image size-full is-resized\"><img loading=\"lazy\" decoding=\"async\" width=\"1024\" height=\"768\" src=\"https:\/\/www.astrids-naehstube.de\/wp-content\/uploads\/2024\/03\/jeans_vorher.jpg\" alt=\"\" class=\"wp-image-115\" style=\"width:632px;height:auto\" srcset=\"https:\/\/www.astrids-naehstube.de\/wp-content\/uploads\/2024\/03\/jeans_vorher.jpg 1024w, https:\/\/www.astrids-naehstube.de\/wp-content\/uploads\/2024\/03\/jeans_vorher-300x225.jpg 300w, https:\/\/www.astrids-naehstube.de\/wp-content\/uploads\/2024\/03\/jeans_vorher-768x576.jpg 768w\" sizes=\"auto, (max-width: 1024px) 100vw, 1024px\" \/><\/figure>\n\n\n\n<p>&#8230;und alles wieder gut:<\/p>\n\n\n\n<figure class=\"wp-block-image size-full is-resized\"><img loading=\"lazy\" decoding=\"async\" width=\"1024\" height=\"768\" src=\"https:\/\/www.astrids-naehstube.de\/wp-content\/uploads\/2024\/03\/jeans_nachher.jpg\" alt=\"\" class=\"wp-image-117\" style=\"width:644px;height:auto\" srcset=\"https:\/\/www.astrids-naehstube.de\/wp-content\/uploads\/2024\/03\/jeans_nachher.jpg 1024w, https:\/\/www.astrids-naehstube.de\/wp-content\/uploads\/2024\/03\/jeans_nachher-300x225.jpg 300w, https:\/\/www.astrids-naehstube.de\/wp-content\/uploads\/2024\/03\/jeans_nachher-768x576.jpg 768w\" sizes=\"auto, (max-width: 1024px) 100vw, 1024px\" \/><\/figure>\n\n\n\n<blockquote class=\"wp-block-quote is-layout-flow wp-block-quote-is-layout-flow\">\n<p><\/p>\n<\/blockquote>\n","protected":false},"excerpt":{"rendered":"<p>Hier bekommen Sie ihre Jeans repariert! N\u00e4hte kaputt, L\u00f6cher, \u201ed\u00fcnne\u201c Stellen im Stoff, kaputte Taschen, offene S\u00e4ume oder die Beinl\u00e4nge mit dem verwaschenen Originalsaum k\u00fcrzen?\u00a0 Kein Problem!\u00a0 Was kostet es? 1,50 \u20ac pro zu reparierenden cm\u00b2. Genaue Preise besprechen wir gerne mit ihnen\u00a0vor Ort. Vorher: &#8230;und alles wieder gut:<\/p>\n","protected":false},"author":1,"featured_media":0,"parent":0,"menu_order":0,"comment_status":"closed","ping_status":"open","template":"","meta":{"footnotes":""},"class_list":["post-2","page","type-page","status-publish","hentry"],"_links":{"self":[{"href":"https:\/\/www.astrids-naehstube.de\/index.php?rest_route=\/wp\/v2\/pages\/2","targetHints":{"allow":["GET"]}}],"collection":[{"href":"https:\/\/www.astrids-naehstube.de\/index.php?rest_route=\/wp\/v2\/pages"}],"about":[{"href":"https:\/\/www.astrids-naehstube.de\/index.php?rest_route=\/wp\/v2\/types\/page"}],"author":[{"embeddable":true,"href":"https:\/\/www.astrids-naehstube.de\/index.php?rest_route=\/wp\/v2\/users\/1"}],"replies":[{"embeddable":true,"href":"https:\/\/www.astrids-naehstube.de\/index.php?rest_route=%2Fwp%2Fv2%2Fcomments&post=2"}],"version-history":[{"count":3,"href":"https:\/\/www.astrids-naehstube.de\/index.php?rest_route=\/wp\/v2\/pages\/2\/revisions"}],"predecessor-version":[{"id":119,"href":"https:\/\/www.astrids-naehstube.de\/index.php?rest_route=\/wp\/v2\/pages\/2\/revisions\/119"}],"wp:attachment":[{"href":"https:\/\/www.astrids-naehstube.de\/index.php?rest_route=%2Fwp%2Fv2%2Fmedia&parent=2"}],"curies":[{"name":"wp","href":"https:\/\/api.w.org\/{rel}","templated":true}]}}