{"id":39,"date":"2024-02-04T20:43:56","date_gmt":"2024-02-04T19:43:56","guid":{"rendered":"https:\/\/www.astrids-naehstube.de\/?page_id=39"},"modified":"2024-03-16T12:28:14","modified_gmt":"2024-03-16T11:28:14","slug":"preise","status":"publish","type":"page","link":"https:\/\/www.astrids-naehstube.de\/?page_id=39","title":{"rendered":"Preise je nach Aufwand ab:"},"content":{"rendered":"\n<figure class=\"wp-block-table\"><table><tbody><tr><td>Hose k\u00fcrzen ab <\/td><td class=\"has-text-align-right\" data-align=\"right\">11,00 \u20ac<\/td><\/tr><tr><td>Hose K\u00fcrzen mit Reisverschluss<\/td><td class=\"has-text-align-right\" data-align=\"right\">18,00 \u20ac<\/td><\/tr><tr><td>Hose Reisverschluss neu<\/td><td class=\"has-text-align-right\" data-align=\"right\">21,00 \u20ac<\/td><\/tr><tr><td>Rock \/ Kleid Reisverschluss neu<\/td><td class=\"has-text-align-right\" data-align=\"right\">21,00 \u20ac<\/td><\/tr><tr><td>Hose Ges\u00e4\u00df enger<\/td><td class=\"has-text-align-right\" data-align=\"right\">45,00 \u20ac<\/td><\/tr><tr><td>Rock \/ Kleid k\u00fcrzen<\/td><td class=\"has-text-align-right\" data-align=\"right\">13,00 \u20ac<\/td><\/tr><tr><td>Jeans Loch \/ Riss flicken<\/td><td class=\"has-text-align-right\" data-align=\"right\">5,00 \u20ac<\/td><\/tr><tr><td>Knopf \/ Haken ann\u00e4hen<\/td><td class=\"has-text-align-right\" data-align=\"right\">3,00 \u20ac<\/td><\/tr><tr><td>Druckknopf einstanzen<\/td><td class=\"has-text-align-right\" data-align=\"right\">5,00 \u20ac<\/td><\/tr><tr><td>Rock Taille enger \/ weiter<\/td><td class=\"has-text-align-right\" data-align=\"right\">15,00 \u20ac<\/td><\/tr><tr><td>Kleid Taille enger<\/td><td class=\"has-text-align-right\" data-align=\"right\">15,00 \u20ac<\/td><\/tr><tr><td>Rock \/ Kleid Taille heben<\/td><td class=\"has-text-align-right\" data-align=\"right\">28,00 \u20ac<\/td><\/tr><tr><td>\u00c4rmel k\u00fcrzen<\/td><td class=\"has-text-align-right\" data-align=\"right\">12,00 \u20ac<\/td><\/tr><tr><td>\u00c4rmel oben k\u00fcrzen<\/td><td class=\"has-text-align-right\" data-align=\"right\">28,00 \u20ac<\/td><\/tr><tr><td>Schulter heben<\/td><td class=\"has-text-align-right\" data-align=\"right\">19,00 \u20ac<\/td><\/tr><tr><td>Blazer Schulter schmaler<\/td><td class=\"has-text-align-right\" data-align=\"right\">33,00 \u20ac<\/td><\/tr><tr><td>Mantel \/ Jacke neu f\u00fcttern<\/td><td class=\"has-text-align-right\" data-align=\"right\">85,00 \u20ac<\/td><\/tr><\/tbody><\/table><\/figure>\n\n\n\n<p>Ma\u00dfanfertigungen werden individuell errechnet<br>Rechnungsstellung nach \u00a719 (Kleinunternehmer)<\/p>\n\n\n\n<p>Alle \u00c4nderungen werden so Original wie m\u00f6glich gearbeitet.<br>Die Preise sind Richtwerte und variieren je nach Material und Verarbeitungstechnik.<\/p>\n\n\n\n<p class=\"has-text-color has-background has-link-color wp-elements-b01cb0d428681591ab13e4976171aa49\" style=\"color:#fefbfb;background-color:#176adf;margin-top:var(--wp--preset--spacing--10);margin-right:0;margin-bottom:var(--wp--preset--spacing--10);margin-left:0;padding-right:var(--wp--preset--spacing--10);padding-left:var(--wp--preset--spacing--10)\"><strong>Zur Beachtung: <\/strong><br>Wir \u00e4ndern nur <strong>gewaschene<\/strong> oder <strong>gereinigte<\/strong> Kleidungsst\u00fccke! Da ge\u00e4nderte Kleidungsst\u00fccke ausnahmslos aufgeb\u00fcgelt werden, wird durch die Reinigung der Kleidungsst\u00fccke das Geruchs- oder Flecken Einb\u00fcgeln vermieden. <\/p>\n\n\n\n<p><\/p>\n\n\n\n<p><\/p>\n\n\n\n<p><\/p>\n","protected":false},"excerpt":{"rendered":"<p>Hose k\u00fcrzen ab 11,00 \u20ac Hose K\u00fcrzen mit Reisverschluss 18,00 \u20ac Hose Reisverschluss neu 21,00 \u20ac Rock \/ Kleid Reisverschluss neu 21,00 \u20ac Hose Ges\u00e4\u00df enger 45,00 \u20ac Rock \/ Kleid k\u00fcrzen 13,00 \u20ac Jeans Loch \/ Riss flicken 5,00 \u20ac Knopf \/ Haken ann\u00e4hen 3,00 \u20ac Druckknopf einstanzen 5,00 \u20ac Rock Taille enger \/ [&hellip;]<\/p>\n","protected":false},"author":1,"featured_media":0,"parent":0,"menu_order":0,"comment_status":"closed","ping_status":"closed","template":"","meta":{"footnotes":""},"class_list":["post-39","page","type-page","status-publish","hentry"],"_links":{"self":[{"href":"https:\/\/www.astrids-naehstube.de\/index.php?rest_route=\/wp\/v2\/pages\/39","targetHints":{"allow":["GET"]}}],"collection":[{"href":"https:\/\/www.astrids-naehstube.de\/index.php?rest_route=\/wp\/v2\/pages"}],"about":[{"href":"https:\/\/www.astrids-naehstube.de\/index.php?rest_route=\/wp\/v2\/types\/page"}],"author":[{"embeddable":true,"href":"https:\/\/www.astrids-naehstube.de\/index.php?rest_route=\/wp\/v2\/users\/1"}],"replies":[{"embeddable":true,"href":"https:\/\/www.astrids-naehstube.de\/index.php?rest_route=%2Fwp%2Fv2%2Fcomments&post=39"}],"version-history":[{"count":10,"href":"https:\/\/www.astrids-naehstube.de\/index.php?rest_route=\/wp\/v2\/pages\/39\/revisions"}],"predecessor-version":[{"id":181,"href":"https:\/\/www.astrids-naehstube.de\/index.php?rest_route=\/wp\/v2\/pages\/39\/revisions\/181"}],"wp:attachment":[{"href":"https:\/\/www.astrids-naehstube.de\/index.php?rest_route=%2Fwp%2Fv2%2Fmedia&parent=39"}],"curies":[{"name":"wp","href":"https:\/\/api.w.org\/{rel}","templated":true}]}}